{"id":194,"date":"2021-07-06T10:37:55","date_gmt":"2021-07-06T10:37:55","guid":{"rendered":"https:\/\/ideasmp.com\/?page_id=194"},"modified":"2021-09-01T16:27:40","modified_gmt":"2021-09-01T16:27:40","slug":"politica-de-cookies","status":"publish","type":"page","link":"https:\/\/ideasmp.com\/en\/politica-de-cookies\/","title":{"rendered":"Cookie policy"},"content":{"rendered":"<div class=\"wpb-content-wrapper\"><div class=\"vc_row wpb_row vc_row-fluid wpex-relative\"><div class=\"wpb_column vc_column_container vc_col-sm-12\"><div class=\"vc_column-inner\"><div class=\"wpb_wrapper\">\n\t<div class=\"wpb_text_column wpb_content_element\" >\n\t\t<div class=\"wpb_wrapper\">\n\t\t\t<p>A\u00a0<em>cookie<\/em>\u00a0is a small text file that is stored in your browser when you visit almost any web page. Its usefulness is that the web is able to remember your visit when you return to browse that page. The\u00a0<em>cookies<\/em>\u00a0usually store information of a technical nature, personal preferences, personalization of content, usage statistics, links to social networks, access to user accounts, etc The objective of the\u00a0<em>cookie<\/em>\u00a0is to adapt the web content to their profile and needs, without\u00a0<em>cookies<\/em>\u00a0the services offered by any page be diminished significantly. If you wish to consult more information about what are the\u00a0<em>cookies<\/em>, what to store, how to eliminate them, deactivate them, etc<\/p>\n<p><strong>Cookies used on this website<\/strong><\/p>\n<p>Following the guidelines of the Spanish Agency for Data Protection we proceed to detail the use of\u00a0<em>cookies<\/em>\u00a0that makes this website in order to inform you with the best possible accuracy.<\/p>\n<p>This website uses the following\u00a0<strong>first-party cookies<\/strong>:<\/p>\n<ul>\n<li>Session Cookies, to ensure that users who write comments on the blog are human and not automated applications. This is to combat the\u00a0<em>spam<\/em>.<\/li>\n<\/ul>\n<p>This website uses the following\u00a0<strong>third party cookies<\/strong>:<\/p>\n<ul>\n<li>Google Analytics: Stores\u00a0<em>cookies<\/em>\u00a0to be able to compile statistics on traffic and volume of visits of this website. By using this website, you are consenting to the processing of data about you by Google. Therefore, the exercise of any right in this sense must do so by communicating directly with Google.<\/li>\n<li>Social networks: Each social network uses its own\u00a0<em>cookies<\/em>\u00a0for that you can click on buttons type\u00a0<em>I like it<\/em>\u00a0or\u00a0<em>Share<\/em>.<\/li>\n<\/ul>\n<p><strong>Deactivation or elimination of cookies<\/strong><\/p>\n<p>At any time you may exercise your right of deactivation or elimination of cookies on this website. These actions are performed differently depending on the browser you are using.<\/p>\n<p><strong>Additional notes<\/strong><\/p>\n<ul>\n<li>Neither this website nor its legal representatives are responsible for their content or the veracity of the privacy policies that may have the third parties mentioned in this policy\u00a0<em>cookies<\/em>.<\/li>\n<li>Web browsers are the tools in charge of storing the\u00a0<em>cookies<\/em>\u00a0and from this place should carry their right to removal or disabling them. Neither this website nor its legal representatives can guarantee the correct or incorrect handling of the\u00a0<em>cookies<\/em>\u00a0by the mentioned browsers.<\/li>\n<li>In some cases it is necessary to install\u00a0<em>cookies<\/em>\u00a0so that the browser does not forget its decision of not accepting them.<\/li>\n<li>In the case of the\u00a0<em>cookies<\/em>\u00a0Google Analytics, this company stores\u00a0<em>cookies<\/em>\u00a0on servers located in the united States and undertakes not to share it with third parties, except in the cases in which it is necessary for the operation of the system or when the law obliges to that effect. According to Google does not save your IP address. Google Inc. it is a company adhering to the Safe Harbor Agreement that guarantees that all transferred data will be treated with a level of protection according to the european regulations. You can consult detailed information in this regard\u00a0<a href=\"http:\/\/safeharbor.export.gov\/companyinfo.aspx?id=16626\" target=\"_blank\" rel=\"noreferrer noopener\">in this link<\/a>. If you want information about the use that Google gives to cookies\u00a0<a href=\"https:\/\/developers.google.com\/analytics\/devguides\/collection\/analyticsjs\/cookie-usage?hl=es&amp;csw=1\" target=\"_blank\" rel=\"noreferrer noopener\">we enclose this other link<\/a>.<\/li>\n<li>For any doubt or query about this policy\u00a0<em>cookies<\/em>\u00a0do not hesitate to contact us through the contact section.<\/li>\n<\/ul>\n<p><strong>What is a cookie?<\/strong><\/p>\n<p>A\u00a0<em>cookie<\/em>\u00a0it is a text file\u00a0<strong>harmless<\/strong>\u00a0that is stored in your browser when you visit almost any web page. The utility of the\u00a0<em>cookie<\/em>\u00a0is that the web is able to remember your visit when you return to browse that page. Although many people don&#039;t know the\u00a0<em>cookies<\/em>\u00a0have been used since 20 years ago, when appeared the first browsers for the World Wide Web.<\/p>\n<p><strong>What IS NOT a cookie?<\/strong><\/p>\n<p>It is not a virus, nor a trojan, nor a worm, nor spam, nor spyware, nor opens pop-up windows.<\/p>\n<p><strong>What information do you store a\u00a0<em>cookie<\/em>?<\/strong><\/p>\n<p>The\u00a0<em>cookies<\/em>\u00a0not usually store sensitive information about you, such as credit cards or bank details, photographs, your ID or personal information, etc.) The data stored are technical, personal preferences, personalization of contents, etc<\/p>\n<p>The web server does not associate you as a person if not to your web browser. In fact, if you browse normally with Internet Explorer and try browsing the same web with Firefox or Chrome you will see that the web does not realize that you are the same person because you are actually associating the browser, not the person.<\/p>\n<p><strong>What type of\u00a0<em>cookies<\/em>\u00a0are there?<\/strong><\/p>\n<ul>\n<li><em>Cookies<\/em>\u00a0techniques: these Are the most basic and allow, among other things, to know when you are navigating a human or an automated application, when you browse an anonymous user and a registered one, basic tasks for the operation of any dynamic web.<\/li>\n<li><em>Cookies<\/em>\u00a0analysis: Collect information on the type of navigation you are making, the sections you use most, products consulted, time zone of use, language, etc<\/li>\n<li><em>Cookies<\/em>\u00a0advertising: Display advertising based on your navigation, your country of origin, language, etc<\/li>\n<\/ul>\n<p><strong>What are the\u00a0<em>cookies<\/em>\u00a0own and those of third parties?<\/strong><\/p>\n<p>The\u00a0<em>first-party cookies<\/em>\u00a0are those generated by the page you&#039;re visiting and the\u00a0<em>third-party<\/em>\u00a0are generated by the services or providers such as Facebook, Twitter, Google, etc<\/p>\n<p><strong>What happens if I turn off the\u00a0<em>cookies<\/em>?<\/strong><\/p>\n<p>To understand the scope that can have disable the\u00a0<em>cookies<\/em>\u00a0we show you a few examples:<\/p>\n<ul>\n<li>You can not share content from that website on Facebook, Twitter or any other social network.<\/li>\n<li>The web site will not be able to adapt the contents to your personal preferences, as often happens in online stores.<\/li>\n<li>You may not access the personal area of that website, as for example\u00a0<em>My account<\/em>or\u00a0<em>My profile<\/em>\u00a0or\u00a0<em>My orders<\/em>.<\/li>\n<li>Online stores: it Will be impossible to make purchases online, they will have to be telephone or visiting the physical store if it is available.<\/li>\n<li>It will not be possible to customize your geographical preferences such as time zone, currency or language.<\/li>\n<li>The web site may not perform analytics web on visitors and traffic on the web, making it difficult for the web to be competitive.<\/li>\n<li>Not be able to write on the blog, you may not upload photos, post comments, rate or rate content. The web may not know whether you are a human or an automated application that publishes\u00a0<em>spam<\/em>.<\/li>\n<li>Not be able to display advertising sectored, which will reduce the advertising revenues of the web.<\/li>\n<li>All social networks use\u00a0<em>cookies<\/em>if you turn this off you can not use any social network.<\/li>\n<\/ul>\n<p><strong>Can you remove the\u00a0<em>cookies<\/em>?<\/strong><\/p>\n<p>Yes. Not only delete, also block, in a general way, or particular to a specific domain.<\/p>\n<p>To remove the\u00a0<em>cookies<\/em>\u00a0a web site should go to the settings of your browser and there you will find the associated to the domain in question and proceed to its elimination.<\/p>\n<p><strong>Settings\u00a0<em>cookies<\/em>\u00a0for the most popular browsers<\/strong><\/p>\n<p>Here&#039;s how to access a\u00a0<em>cookie<\/em>\u00a0certain of the browser\u00a0<strong>Chrome<\/strong>. Note: these steps may vary depending on the version of the browser:<\/p>\n<ol>\n<li>Go to Settings or Preferences using the File menu or by clicking the customization icon that appears at the top right.<\/li>\n<li>You will see different sections, click the option\u00a0<em>Show advanced options<\/em>.<\/li>\n<li>Go to\u00a0<em>Privacy<\/em>,\u00a0<em>Content settings<\/em>.<\/li>\n<li>Select\u00a0<em>All cookies and site data<\/em>.<\/li>\n<li>You will see a list with all the\u00a0<em>cookies<\/em>\u00a0sorted by domain. To make easier to find\u00a0<em>cookies<\/em>\u00a0of a particular domain name, enter partial or fully address in the field\u00a0<em>Search cookies<\/em>.<\/li>\n<li>After this filter will appear on the screen one or more lines with the\u00a0<em>cookies<\/em>\u00a0of the requested web. Now you just have to select it and click the\u00a0<em>X<\/em>\u00a0to proceed to its elimination.<\/li>\n<\/ol>\n<p>To access the settings of\u00a0<em>cookies<\/em>\u00a0browser\u00a0<strong>Internet Explorer<\/strong>\u00a0follow these steps (may vary depending on the version of the browser):<\/p>\n<ol>\n<li>Go to\u00a0<em>Tools<\/em>,\u00a0<em>Internet options<\/em><\/li>\n<li>Click\u00a0<em>Privacy<\/em>.<\/li>\n<li>Move the slider to adjust the level of privacy that you want.<\/li>\n<\/ol>\n<p>To access the settings of\u00a0<em>cookies<\/em>\u00a0browser\u00a0<strong>Firefox<\/strong>\u00a0follow these steps (may vary depending on the version of the browser):<\/p>\n<ol>\n<li>Go to\u00a0<em>Options<\/em>\u00a0or\u00a0<em>Preferences<\/em>\u00a0depending on your operating system.<\/li>\n<li>Click\u00a0<em>Privacy<\/em>.<\/li>\n<li>In\u00a0<em>History<\/em>\u00a0choose\u00a0<em>Use custom settings for history<\/em>.<\/li>\n<li>Now you will see the option\u00a0<em>Accept cookies<\/em>you can turn it on or off according to your preferences.<\/li>\n<\/ol>\n<p>To access the settings of\u00a0<em>cookies<\/em>\u00a0browser\u00a0<strong>Safari for OSX<\/strong>\u00a0follow these steps (may vary depending on the version of the browser):<\/p>\n<ol>\n<li>Go to\u00a0<em>Preferences<\/em>, then\u00a0<em>Privacy<\/em>.<\/li>\n<li>In this place you will see the option\u00a0<em>To block cookies<\/em>\u00a0to adjust the type of blocking you want to perform.<\/li>\n<\/ol>\n<p>To access the settings of\u00a0<em>cookies<\/em>\u00a0browser\u00a0<strong>Safari for iOS<\/strong>\u00a0follow these steps (may vary depending on the version of the browser):<\/p>\n<ol>\n<li>Go to\u00a0<em>Settings<\/em>, then\u00a0<em>Safari<\/em>.<\/li>\n<li>Go to\u00a0<em>Privacy and Security<\/em>, you will see the option\u00a0<em>To block cookies<\/em>\u00a0to adjust the type of blocking you want to perform.<\/li>\n<\/ol>\n<p>To access the settings of\u00a0<em>cookies<\/em>\u00a0browser for devices\u00a0<strong>Android<\/strong>\u00a0follow these steps (may vary depending on the version of the browser):<\/p>\n<ol>\n<li>Run the browser and press the key\u00a0<em>Menu<\/em>, then\u00a0<em>Settings<\/em>.<\/li>\n<li>Go to\u00a0<em>Security and Privacy<\/em>, you will see the option\u00a0<em>Accept cookies<\/em>\u00a0to select or clear the check box.<\/li>\n<\/ol>\n<p>To access the settings of\u00a0<em>cookies<\/em>\u00a0browser for devices\u00a0<strong>Windows Phone<\/strong>\u00a0follow these steps (may vary depending on the version of the browser):<\/p>\n<ol>\n<li>Open\u00a0<em>Internet Explorer<\/em>, then\u00a0<em>More<\/em>, then\u00a0<em>Configuration<\/em><\/li>\n<li>Now you can activate or deactivate the box\u00a0<em>Allow cookies<\/em>.<\/li>\n<\/ol>\n\n\t\t<\/div>\n\t<\/div>\n<\/div><\/div><\/div><\/div>\n<\/div>","protected":false},"excerpt":{"rendered":"Una\u00a0cookie\u00a0es un peque\u00f1o fichero de texto que se almacena en su navegador cuando visita casi cualquier p\u00e1gina web. Su utilidad es que la web sea capaz de recordar su visita cuando vuelva a navegar por esa p\u00e1gina. Las\u00a0cookies\u00a0suelen almacenar informaci\u00f3n de car\u00e1cter t\u00e9cnico, preferencias personales, personalizaci\u00f3n de contenidos, estad\u00edsticas de uso, enlaces a redes sociales,&hellip;","protected":false},"author":1,"featured_media":0,"parent":0,"menu_order":11,"comment_status":"closed","ping_status":"closed","template":"templates\/no-sidebar.php","meta":{"footnotes":""},"class_list":["post-194","page","type-page","status-publish","hentry","entry","no-media"],"yoast_head":"<!-- This site is optimized with the Yoast SEO plugin v25.3 - https:\/\/yoast.com\/wordpress\/plugins\/seo\/ -->\n<title>Pol\u00edtica de cookies - Ideas Marketing<\/title>\n<meta name=\"robots\" content=\"index, follow, max-snippet:-1, max-image-preview:large, max-video-preview:-1\" \/>\n<link rel=\"canonical\" href=\"https:\/\/ideasmp.com\/en\/politica-de-cookies\/\" \/>\n<meta property=\"og:locale\" content=\"en_GB\" \/>\n<meta property=\"og:type\" content=\"article\" \/>\n<meta property=\"og:title\" content=\"Pol\u00edtica de cookies - Ideas Marketing\" \/>\n<meta property=\"og:url\" content=\"https:\/\/ideasmp.com\/en\/politica-de-cookies\/\" \/>\n<meta property=\"og:site_name\" content=\"Ideas Marketing\" \/>\n<meta property=\"article:modified_time\" content=\"2021-09-01T16:27:40+00:00\" \/>\n<meta name=\"twitter:card\" content=\"summary_large_image\" \/>\n<meta name=\"twitter:label1\" content=\"Estimated reading time\" \/>\n\t<meta name=\"twitter:data1\" content=\"8 minutes\" \/>\n<script type=\"application\/ld+json\" class=\"yoast-schema-graph\">{\"@context\":\"https:\/\/schema.org\",\"@graph\":[{\"@type\":\"WebPage\",\"@id\":\"https:\/\/ideasmp.com\/politica-de-cookies\/\",\"url\":\"https:\/\/ideasmp.com\/politica-de-cookies\/\",\"name\":\"Pol\u00edtica de cookies - Ideas Marketing\",\"isPartOf\":{\"@id\":\"https:\/\/ideasmp.com\/#website\"},\"datePublished\":\"2021-07-06T10:37:55+00:00\",\"dateModified\":\"2021-09-01T16:27:40+00:00\",\"breadcrumb\":{\"@id\":\"https:\/\/ideasmp.com\/politica-de-cookies\/#breadcrumb\"},\"inLanguage\":\"en-GB\",\"potentialAction\":[{\"@type\":\"ReadAction\",\"target\":[\"https:\/\/ideasmp.com\/politica-de-cookies\/\"]}]},{\"@type\":\"BreadcrumbList\",\"@id\":\"https:\/\/ideasmp.com\/politica-de-cookies\/#breadcrumb\",\"itemListElement\":[{\"@type\":\"ListItem\",\"position\":1,\"name\":\"Portada\",\"item\":\"https:\/\/ideasmp.com\/\"},{\"@type\":\"ListItem\",\"position\":2,\"name\":\"Pol\u00edtica de cookies\"}]},{\"@type\":\"WebSite\",\"@id\":\"https:\/\/ideasmp.com\/#website\",\"url\":\"https:\/\/ideasmp.com\/\",\"name\":\"Ideas Marketing\",\"description\":\"Creemos en el dise\u00f1o, es nuestra se\u00f1a de identidad. Mimamos cada trabajo para convertirlo en \u00fanico.\",\"publisher\":{\"@id\":\"https:\/\/ideasmp.com\/#organization\"},\"potentialAction\":[{\"@type\":\"SearchAction\",\"target\":{\"@type\":\"EntryPoint\",\"urlTemplate\":\"https:\/\/ideasmp.com\/?s={search_term_string}\"},\"query-input\":{\"@type\":\"PropertyValueSpecification\",\"valueRequired\":true,\"valueName\":\"search_term_string\"}}],\"inLanguage\":\"en-GB\"},{\"@type\":\"Organization\",\"@id\":\"https:\/\/ideasmp.com\/#organization\",\"name\":\"Ideas de Marketing\",\"url\":\"https:\/\/ideasmp.com\/\",\"logo\":{\"@type\":\"ImageObject\",\"inLanguage\":\"en-GB\",\"@id\":\"https:\/\/ideasmp.com\/#\/schema\/logo\/image\/\",\"url\":\"https:\/\/ideasmp.com\/wp-content\/uploads\/2021\/08\/logo-ideas.png\",\"contentUrl\":\"https:\/\/ideasmp.com\/wp-content\/uploads\/2021\/08\/logo-ideas.png\",\"width\":180,\"height\":79,\"caption\":\"Ideas de Marketing\"},\"image\":{\"@id\":\"https:\/\/ideasmp.com\/#\/schema\/logo\/image\/\"}}]}<\/script>\n<!-- \/ Yoast SEO plugin. -->","yoast_head_json":{"title":"Pol\u00edtica de cookies - Ideas Marketing","robots":{"index":"index","follow":"follow","max-snippet":"max-snippet:-1","max-image-preview":"max-image-preview:large","max-video-preview":"max-video-preview:-1"},"canonical":"https:\/\/ideasmp.com\/en\/politica-de-cookies\/","og_locale":"en_GB","og_type":"article","og_title":"Pol\u00edtica de cookies - Ideas Marketing","og_url":"https:\/\/ideasmp.com\/en\/politica-de-cookies\/","og_site_name":"Ideas Marketing","article_modified_time":"2021-09-01T16:27:40+00:00","twitter_card":"summary_large_image","twitter_misc":{"Estimated reading time":"8 minutes"},"schema":{"@context":"https:\/\/schema.org","@graph":[{"@type":"WebPage","@id":"https:\/\/ideasmp.com\/politica-de-cookies\/","url":"https:\/\/ideasmp.com\/politica-de-cookies\/","name":"Pol\u00edtica de cookies - Ideas Marketing","isPartOf":{"@id":"https:\/\/ideasmp.com\/#website"},"datePublished":"2021-07-06T10:37:55+00:00","dateModified":"2021-09-01T16:27:40+00:00","breadcrumb":{"@id":"https:\/\/ideasmp.com\/politica-de-cookies\/#breadcrumb"},"inLanguage":"en-GB","potentialAction":[{"@type":"ReadAction","target":["https:\/\/ideasmp.com\/politica-de-cookies\/"]}]},{"@type":"BreadcrumbList","@id":"https:\/\/ideasmp.com\/politica-de-cookies\/#breadcrumb","itemListElement":[{"@type":"ListItem","position":1,"name":"Portada","item":"https:\/\/ideasmp.com\/"},{"@type":"ListItem","position":2,"name":"Pol\u00edtica de cookies"}]},{"@type":"WebSite","@id":"https:\/\/ideasmp.com\/#website","url":"https:\/\/ideasmp.com\/","name":"Ideas Marketing","description":"Creemos en el dise\u00f1o, es nuestra se\u00f1a de identidad. Mimamos cada trabajo para convertirlo en \u00fanico.","publisher":{"@id":"https:\/\/ideasmp.com\/#organization"},"potentialAction":[{"@type":"SearchAction","target":{"@type":"EntryPoint","urlTemplate":"https:\/\/ideasmp.com\/?s={search_term_string}"},"query-input":{"@type":"PropertyValueSpecification","valueRequired":true,"valueName":"search_term_string"}}],"inLanguage":"en-GB"},{"@type":"Organization","@id":"https:\/\/ideasmp.com\/#organization","name":"Ideas de Marketing","url":"https:\/\/ideasmp.com\/","logo":{"@type":"ImageObject","inLanguage":"en-GB","@id":"https:\/\/ideasmp.com\/#\/schema\/logo\/image\/","url":"https:\/\/ideasmp.com\/wp-content\/uploads\/2021\/08\/logo-ideas.png","contentUrl":"https:\/\/ideasmp.com\/wp-content\/uploads\/2021\/08\/logo-ideas.png","width":180,"height":79,"caption":"Ideas de Marketing"},"image":{"@id":"https:\/\/ideasmp.com\/#\/schema\/logo\/image\/"}}]}},"_links":{"self":[{"href":"https:\/\/ideasmp.com\/en\/wp-json\/wp\/v2\/pages\/194","targetHints":{"allow":["GET"]}}],"collection":[{"href":"https:\/\/ideasmp.com\/en\/wp-json\/wp\/v2\/pages"}],"about":[{"href":"https:\/\/ideasmp.com\/en\/wp-json\/wp\/v2\/types\/page"}],"author":[{"embeddable":true,"href":"https:\/\/ideasmp.com\/en\/wp-json\/wp\/v2\/users\/1"}],"replies":[{"embeddable":true,"href":"https:\/\/ideasmp.com\/en\/wp-json\/wp\/v2\/comments?post=194"}],"version-history":[{"count":0,"href":"https:\/\/ideasmp.com\/en\/wp-json\/wp\/v2\/pages\/194\/revisions"}],"wp:attachment":[{"href":"https:\/\/ideasmp.com\/en\/wp-json\/wp\/v2\/media?parent=194"}],"curies":[{"name":"wp","href":"https:\/\/api.w.org\/{rel}","templated":true}]}}