{"id":63,"date":"2015-01-16T23:15:21","date_gmt":"2015-01-16T23:15:21","guid":{"rendered":"http:\/\/totaltheme.wpengine.com\/portfolio\/?page_id=63"},"modified":"2025-03-27T08:52:29","modified_gmt":"2025-03-27T08:52:29","slug":"contacto-agencia-comunicacion-publicidad","status":"publish","type":"page","link":"https:\/\/ideasmp.com\/en\/contacto-agencia-comunicacion-publicidad\/","title":{"rendered":"Contact"},"content":{"rendered":"<div class=\"wpb-content-wrapper\"><div class=\"vc_row wpb_row vc_row-fluid vc_custom_1628244600040 wpex-relative\"><div class=\"wpb_column vc_column_container vc_col-sm-12\"><div class=\"vc_column-inner\"><div class=\"wpb_wrapper\">\n\t<div  class=\"wpb_single_image wpb_content_element vc_align_left wpb_content_element\">\n\t\t\n\t\t<figure class=\"wpb_wrapper vc_figure\">\n\t\t\t<div class=\"vc_single_image-wrapper   vc_box_border_grey\"><img width=\"301\" height=\"401\" src=\"https:\/\/ideasmp.com\/wp-content\/uploads\/2021\/08\/contacto-12.png\" class=\"vc_single_image-img attachment-full\" alt=\"contacto-12\" title=\"contact-12\" srcset=\"https:\/\/ideasmp.com\/wp-content\/uploads\/2021\/08\/contacto-12.png 301w, https:\/\/ideasmp.com\/wp-content\/uploads\/2021\/08\/contacto-12-225x300.png 225w\" sizes=\"(max-width: 301px) 100vw, 301px\" \/><\/div>\n\t\t<\/figure>\n\t<\/div>\n<\/div><\/div><\/div><\/div><div class=\"vc_row wpb_row vc_row-fluid vc_custom_1628009690016 wpex-relative\"><div class=\"wpb_column vc_column_container vc_col-sm-6\"><div class=\"vc_column-inner\"><div class=\"wpb_wrapper\">\n\t<div  class=\"wpb_single_image wpb_content_element vc_align_center wpb_content_element\">\n\t\t\n\t\t<figure class=\"wpb_wrapper vc_figure\">\n\t\t\t<div class=\"vc_single_image-wrapper   vc_box_border_grey\"><img width=\"600\" height=\"509\" src=\"https:\/\/ideasmp.com\/wp-content\/uploads\/2021\/09\/mapa-ideas.png\" class=\"vc_single_image-img attachment-full\" alt=\"mapa-ideas\" title=\"map-ideas\" srcset=\"https:\/\/ideasmp.com\/wp-content\/uploads\/2021\/09\/mapa-ideas.png 600w, https:\/\/ideasmp.com\/wp-content\/uploads\/2021\/09\/mapa-ideas-300x255.png 300w\" sizes=\"(max-width: 600px) 100vw, 600px\" \/><\/div>\n\t\t<\/figure>\n\t<\/div>\n<\/div><\/div><\/div><div class=\"wpb_column vc_column_container vc_col-sm-6\"><div class=\"vc_column-inner\"><div class=\"wpb_wrapper\">\n\t<div style=\"text-align:start;\" class=\"wpb_text_column wpb_content_element vc_custom_1743065543426 hide\" >\n\t\t<div class=\"wpb_wrapper\">\n\t\t\t<p>Street Peru, 4<br \/>\n1st floor Door 13<br \/>\n28290 Las Rozas, Madrid<br \/>\nPhone 910 843 675<\/p>\n\n\t\t<\/div>\n\t<\/div>\n<div class=\"vc_empty_space  hide\"   style=\"height: 32px\"><span class=\"vc_empty_space_inner\"><\/span><\/div>\n<div class=\"wpcf7 no-js\" id=\"wpcf7-f8-o1\" lang=\"es-ES\" dir=\"ltr\" data-wpcf7-id=\"8\">\n<div class=\"screen-reader-response\"><p role=\"status\" aria-live=\"polite\" aria-atomic=\"true\"><\/p> <ul><\/ul><\/div>\n<form action=\"\/en\/wp-json\/wp\/v2\/pages\/63#wpcf7-f8-o1\" method=\"post\" class=\"wpcf7-form init\" aria-label=\"Formulario de contacto\" novalidate=\"novalidate\" data-status=\"init\" data-trp-original-action=\"\/en\/wp-json\/wp\/v2\/pages\/63#wpcf7-f8-o1\">\n<fieldset class=\"hidden-fields-container\"><input type=\"hidden\" name=\"_wpcf7\" value=\"8\" \/><input type=\"hidden\" name=\"_wpcf7_version\" value=\"6.1.5\" \/><input type=\"hidden\" name=\"_wpcf7_locale\" value=\"es_ES\" \/><input type=\"hidden\" name=\"_wpcf7_unit_tag\" value=\"wpcf7-f8-o1\" \/><input type=\"hidden\" name=\"_wpcf7_container_post\" value=\"0\" \/><input type=\"hidden\" name=\"_wpcf7_posted_data_hash\" value=\"\" \/><input type=\"hidden\" name=\"_wpcf7_recaptcha_response\" value=\"\" \/>\n<\/fieldset>\n<p><label> Name and surname<br \/>\n<span class=\"wpcf7-form-control-wrap\" data-name=\"your-name\"><input size=\"40\" maxlength=\"400\" class=\"wpcf7-form-control wpcf7-text wpcf7-validates-as-required\" aria-required=\"true\" aria-invalid=\"false\" value=\"\" type=\"text\" name=\"your-name\" \/><\/span> <\/label>\n<\/p>\n<p><label> Email<br \/>\n<span class=\"wpcf7-form-control-wrap\" data-name=\"your-email\"><input size=\"40\" maxlength=\"400\" class=\"wpcf7-form-control wpcf7-email wpcf7-validates-as-required wpcf7-text wpcf7-validates-as-email\" aria-required=\"true\" aria-invalid=\"false\" value=\"\" type=\"email\" name=\"your-email\" \/><\/span> <\/label>\n<\/p>\n<p><label> URL<br \/>\n<span class=\"wpcf7-form-control-wrap\" data-name=\"your-subject\"><input size=\"40\" maxlength=\"400\" class=\"wpcf7-form-control wpcf7-text wpcf7-validates-as-required\" aria-required=\"true\" aria-invalid=\"false\" value=\"\" type=\"text\" name=\"your-subject\" \/><\/span> <\/label>\n<\/p>\n<p><label> Tell us<br \/>\n<span class=\"wpcf7-form-control-wrap\" data-name=\"your-message\"><textarea cols=\"40\" rows=\"10\" maxlength=\"2000\" class=\"wpcf7-form-control wpcf7-textarea\" aria-invalid=\"false\" name=\"your-message\"><\/textarea><\/span> <\/label>\n<\/p>\n<p style=\"display: inline-flex; font-size:75%;\"><span class=\"wpcf7-form-control-wrap\" data-name=\"acceptance-700\"><span class=\"wpcf7-form-control wpcf7-acceptance\"><span class=\"wpcf7-list-item\"><input type=\"checkbox\" name=\"acceptance-700\" value=\"1\" aria-invalid=\"false\" \/><\/span><\/span><\/span> By using this form you agree with the storage and management of your data by Ideas marker according to our <a style=\"display: contents; margin-left:6px;\" target =\"_blank\" href=\"\/en\/politica-privacidad\/\"> Privacy policy<\/a>.\n<\/p>\n<p><input class=\"wpcf7-form-control wpcf7-submit has-spinner\" type=\"submit\" value=\"Send\" \/>\n<\/p><p style=\"display: none !important;\" class=\"akismet-fields-container\" data-prefix=\"_wpcf7_ak_\"><label>&#916;<textarea name=\"_wpcf7_ak_hp_textarea\" cols=\"45\" rows=\"8\" maxlength=\"100\"><\/textarea><\/label><input type=\"hidden\" id=\"ak_js_1\" name=\"_wpcf7_ak_js\" value=\"81\"\/><script>document.getElementById( \"ak_js_1\" ).setAttribute( \"value\", ( new Date() ).getTime() );<\/script><\/p><div class=\"wpcf7-response-output\" aria-hidden=\"true\"><\/div>\n<input type=\"hidden\" name=\"trp-form-language\" value=\"en\"\/><\/form>\n<\/div>\n<div class=\"vc_empty_space\"   style=\"height: 64px\"><span class=\"vc_empty_space_inner\"><\/span><\/div><\/div><\/div><\/div><\/div>\n<\/div>","protected":false},"excerpt":{"rendered":"Calle Per\u00fa, 4 Planta 1\u00aa Puerta 13 28290 Las Rozas, Madrid Tel. 910 843 675 Nombre y apellidos Email URL Cu\u00e9ntanos Al usar este formulario accedes al almacenamiento y gesti\u00f3n de tus datos por parte de Ideas mp seg\u00fan nuestra Pol\u00edtica de Privacidad. &#916;","protected":false},"author":1,"featured_media":0,"parent":0,"menu_order":9,"comment_status":"open","ping_status":"closed","template":"","meta":{"footnotes":""},"class_list":["post-63","page","type-page","status-publish","hentry","entry","no-media"],"yoast_head":"<!-- This site is optimized with the Yoast SEO plugin v25.3 - https:\/\/yoast.com\/wordpress\/plugins\/seo\/ -->\n<title>Contacto - Ideas Marketing<\/title>\n<meta name=\"robots\" content=\"index, follow, max-snippet:-1, max-image-preview:large, max-video-preview:-1\" \/>\n<link rel=\"canonical\" href=\"https:\/\/ideasmp.com\/en\/contacto-agencia-comunicacion-publicidad\/\" \/>\n<meta property=\"og:locale\" content=\"en_GB\" \/>\n<meta property=\"og:type\" content=\"article\" \/>\n<meta property=\"og:title\" content=\"Contacto - Ideas Marketing\" \/>\n<meta property=\"og:url\" content=\"https:\/\/ideasmp.com\/en\/contacto-agencia-comunicacion-publicidad\/\" \/>\n<meta property=\"og:site_name\" content=\"Ideas Marketing\" \/>\n<meta property=\"article:modified_time\" content=\"2025-03-27T08:52:29+00:00\" \/>\n<meta name=\"twitter:card\" content=\"summary_large_image\" \/>\n<meta name=\"twitter:label1\" content=\"Estimated reading time\" \/>\n\t<meta name=\"twitter:data1\" content=\"1 minute\" \/>\n<script type=\"application\/ld+json\" class=\"yoast-schema-graph\">{\"@context\":\"https:\/\/schema.org\",\"@graph\":[{\"@type\":\"WebPage\",\"@id\":\"https:\/\/ideasmp.com\/contacto-agencia-comunicacion-publicidad\/\",\"url\":\"https:\/\/ideasmp.com\/contacto-agencia-comunicacion-publicidad\/\",\"name\":\"Contacto - Ideas Marketing\",\"isPartOf\":{\"@id\":\"https:\/\/ideasmp.com\/#website\"},\"datePublished\":\"2015-01-16T23:15:21+00:00\",\"dateModified\":\"2025-03-27T08:52:29+00:00\",\"breadcrumb\":{\"@id\":\"https:\/\/ideasmp.com\/contacto-agencia-comunicacion-publicidad\/#breadcrumb\"},\"inLanguage\":\"en-GB\",\"potentialAction\":[{\"@type\":\"ReadAction\",\"target\":[\"https:\/\/ideasmp.com\/contacto-agencia-comunicacion-publicidad\/\"]}]},{\"@type\":\"BreadcrumbList\",\"@id\":\"https:\/\/ideasmp.com\/contacto-agencia-comunicacion-publicidad\/#breadcrumb\",\"itemListElement\":[{\"@type\":\"ListItem\",\"position\":1,\"name\":\"Portada\",\"item\":\"https:\/\/ideasmp.com\/\"},{\"@type\":\"ListItem\",\"position\":2,\"name\":\"Contacto\"}]},{\"@type\":\"WebSite\",\"@id\":\"https:\/\/ideasmp.com\/#website\",\"url\":\"https:\/\/ideasmp.com\/\",\"name\":\"Ideas Marketing\",\"description\":\"Creemos en el dise\u00f1o, es nuestra se\u00f1a de identidad. Mimamos cada trabajo para convertirlo en \u00fanico.\",\"publisher\":{\"@id\":\"https:\/\/ideasmp.com\/#organization\"},\"potentialAction\":[{\"@type\":\"SearchAction\",\"target\":{\"@type\":\"EntryPoint\",\"urlTemplate\":\"https:\/\/ideasmp.com\/?s={search_term_string}\"},\"query-input\":{\"@type\":\"PropertyValueSpecification\",\"valueRequired\":true,\"valueName\":\"search_term_string\"}}],\"inLanguage\":\"en-GB\"},{\"@type\":\"Organization\",\"@id\":\"https:\/\/ideasmp.com\/#organization\",\"name\":\"Ideas de Marketing\",\"url\":\"https:\/\/ideasmp.com\/\",\"logo\":{\"@type\":\"ImageObject\",\"inLanguage\":\"en-GB\",\"@id\":\"https:\/\/ideasmp.com\/#\/schema\/logo\/image\/\",\"url\":\"https:\/\/ideasmp.com\/wp-content\/uploads\/2021\/08\/logo-ideas.png\",\"contentUrl\":\"https:\/\/ideasmp.com\/wp-content\/uploads\/2021\/08\/logo-ideas.png\",\"width\":180,\"height\":79,\"caption\":\"Ideas de Marketing\"},\"image\":{\"@id\":\"https:\/\/ideasmp.com\/#\/schema\/logo\/image\/\"}}]}<\/script>\n<!-- \/ Yoast SEO plugin. -->","yoast_head_json":{"title":"Contacto - Ideas Marketing","robots":{"index":"index","follow":"follow","max-snippet":"max-snippet:-1","max-image-preview":"max-image-preview:large","max-video-preview":"max-video-preview:-1"},"canonical":"https:\/\/ideasmp.com\/en\/contacto-agencia-comunicacion-publicidad\/","og_locale":"en_GB","og_type":"article","og_title":"Contacto - Ideas Marketing","og_url":"https:\/\/ideasmp.com\/en\/contacto-agencia-comunicacion-publicidad\/","og_site_name":"Ideas Marketing","article_modified_time":"2025-03-27T08:52:29+00:00","twitter_card":"summary_large_image","twitter_misc":{"Estimated reading time":"1 minute"},"schema":{"@context":"https:\/\/schema.org","@graph":[{"@type":"WebPage","@id":"https:\/\/ideasmp.com\/contacto-agencia-comunicacion-publicidad\/","url":"https:\/\/ideasmp.com\/contacto-agencia-comunicacion-publicidad\/","name":"Contacto - Ideas Marketing","isPartOf":{"@id":"https:\/\/ideasmp.com\/#website"},"datePublished":"2015-01-16T23:15:21+00:00","dateModified":"2025-03-27T08:52:29+00:00","breadcrumb":{"@id":"https:\/\/ideasmp.com\/contacto-agencia-comunicacion-publicidad\/#breadcrumb"},"inLanguage":"en-GB","potentialAction":[{"@type":"ReadAction","target":["https:\/\/ideasmp.com\/contacto-agencia-comunicacion-publicidad\/"]}]},{"@type":"BreadcrumbList","@id":"https:\/\/ideasmp.com\/contacto-agencia-comunicacion-publicidad\/#breadcrumb","itemListElement":[{"@type":"ListItem","position":1,"name":"Portada","item":"https:\/\/ideasmp.com\/"},{"@type":"ListItem","position":2,"name":"Contacto"}]},{"@type":"WebSite","@id":"https:\/\/ideasmp.com\/#website","url":"https:\/\/ideasmp.com\/","name":"Ideas Marketing","description":"Creemos en el dise\u00f1o, es nuestra se\u00f1a de identidad. Mimamos cada trabajo para convertirlo en \u00fanico.","publisher":{"@id":"https:\/\/ideasmp.com\/#organization"},"potentialAction":[{"@type":"SearchAction","target":{"@type":"EntryPoint","urlTemplate":"https:\/\/ideasmp.com\/?s={search_term_string}"},"query-input":{"@type":"PropertyValueSpecification","valueRequired":true,"valueName":"search_term_string"}}],"inLanguage":"en-GB"},{"@type":"Organization","@id":"https:\/\/ideasmp.com\/#organization","name":"Ideas de Marketing","url":"https:\/\/ideasmp.com\/","logo":{"@type":"ImageObject","inLanguage":"en-GB","@id":"https:\/\/ideasmp.com\/#\/schema\/logo\/image\/","url":"https:\/\/ideasmp.com\/wp-content\/uploads\/2021\/08\/logo-ideas.png","contentUrl":"https:\/\/ideasmp.com\/wp-content\/uploads\/2021\/08\/logo-ideas.png","width":180,"height":79,"caption":"Ideas de Marketing"},"image":{"@id":"https:\/\/ideasmp.com\/#\/schema\/logo\/image\/"}}]}},"_links":{"self":[{"href":"https:\/\/ideasmp.com\/en\/wp-json\/wp\/v2\/pages\/63","targetHints":{"allow":["GET"]}}],"collection":[{"href":"https:\/\/ideasmp.com\/en\/wp-json\/wp\/v2\/pages"}],"about":[{"href":"https:\/\/ideasmp.com\/en\/wp-json\/wp\/v2\/types\/page"}],"author":[{"embeddable":true,"href":"https:\/\/ideasmp.com\/en\/wp-json\/wp\/v2\/users\/1"}],"replies":[{"embeddable":true,"href":"https:\/\/ideasmp.com\/en\/wp-json\/wp\/v2\/comments?post=63"}],"version-history":[{"count":0,"href":"https:\/\/ideasmp.com\/en\/wp-json\/wp\/v2\/pages\/63\/revisions"}],"wp:attachment":[{"href":"https:\/\/ideasmp.com\/en\/wp-json\/wp\/v2\/media?parent=63"}],"curies":[{"name":"wp","href":"https:\/\/api.w.org\/{rel}","templated":true}]}}