{"id":668,"date":"2021-08-18T18:44:39","date_gmt":"2021-08-18T18:44:39","guid":{"rendered":"https:\/\/ideasmp.com\/?page_id=668"},"modified":"2025-03-27T08:47:01","modified_gmt":"2025-03-27T08:47:01","slug":"aviso-legal","status":"publish","type":"page","link":"https:\/\/ideasmp.com\/en\/aviso-legal\/","title":{"rendered":"Legal notice"},"content":{"rendered":"<div class=\"wpb-content-wrapper\"><div class=\"vc_row wpb_row vc_row-fluid wpex-relative\"><div class=\"wpb_column vc_column_container vc_col-sm-12\"><div class=\"vc_column-inner\"><div class=\"wpb_wrapper\">\n\t<div class=\"wpb_text_column wpb_content_element\" >\n\t\t<div class=\"wpb_wrapper\">\n\t\t\t<p><strong>Acceptance of the general conditions of use of the Web<\/strong><\/p>\n<p><strong>1. Identification data<\/strong><br \/>\nIDEAS PROMOTIONAL MARKETING ltd. (hereinafter IDEAS PROMOTIONAL MARKETING) is an entity with registered address at Calle Valle de Tena, 21 \u2013 28660 Boadilla del Monte, Madrid, with CIF number: B-80484793 registered in the Mercantile Registry of Madrid (T. 5170, L. O. F. 151, HM-84659, section 8. 1st entry), is the holder of a domain name www.ideasmp.com (hereinafter the Website) and puts at the disposal of Internet Users, with the purpose of providing information about your company and products.<\/p>\n<p><strong>2. General terms and conditions of use and acceptance of the same.<\/strong><\/p>\n<p>2.1. The present general conditions of use of the Web site, along with the general conditions of contract, and\/or the particular conditions that may be established, governing the availability of information, as well as, the commercial relations that arise between IDEAS, PROMOTIONAL MARKETING, and any natural or legal person (hereinafter the User). By browsing the site and\/or by the use of the services included in the same, You acquire the condition of User. Both the navigation, such as the use of any of the products and services, implies the acceptance as a User, without reservations of any kind, of each and every one of the present general terms and conditions of use, as well as of the general conditions of contract that in their case shall govern the purchase of the goods.<\/p>\n<p>2.2. IDEAS PROMOTIONAL MARKETING may, at any time and without prior notice, to modify the present General Conditions and\/or the particular conditions that, where appropriate, be included, by posting such changes on the Web in order that they may be known by the Users.<\/p>\n\n\t\t<\/div>\n\t<\/div>\n<\/div><\/div><\/div><\/div>\n<\/div>","protected":false},"excerpt":{"rendered":"Aceptaci\u00f3n de las condiciones generales de utilizaci\u00f3n de la Web 1. Datos identificativos IDEAS MARKETING PROMOCIONAL S.L. (en adelante IDEAS MARKETING PROMOCIONAL) es una entidad con domicilio social en Calle Valle de Tena, 21 - 28660 Boadilla del Monte, Madrid, con CIF: B-80484793 inscrita en el Registro Mercantil de Madrid (T.5170, L.O.F. 151, HM-84659, de&hellip;","protected":false},"author":1,"featured_media":0,"parent":0,"menu_order":10,"comment_status":"closed","ping_status":"closed","template":"templates\/no-sidebar.php","meta":{"footnotes":""},"class_list":["post-668","page","type-page","status-publish","hentry","entry","no-media"],"yoast_head":"<!-- This site is optimized with the Yoast SEO plugin v25.3 - https:\/\/yoast.com\/wordpress\/plugins\/seo\/ -->\n<title>Aviso legal - Ideas Marketing<\/title>\n<meta name=\"robots\" content=\"index, follow, max-snippet:-1, max-image-preview:large, max-video-preview:-1\" \/>\n<link rel=\"canonical\" href=\"https:\/\/ideasmp.com\/en\/aviso-legal\/\" \/>\n<meta property=\"og:locale\" content=\"en_GB\" \/>\n<meta property=\"og:type\" content=\"article\" \/>\n<meta property=\"og:title\" content=\"Aviso legal - Ideas Marketing\" \/>\n<meta property=\"og:url\" content=\"https:\/\/ideasmp.com\/en\/aviso-legal\/\" \/>\n<meta property=\"og:site_name\" content=\"Ideas Marketing\" \/>\n<meta property=\"article:modified_time\" content=\"2025-03-27T08:47:01+00:00\" \/>\n<meta name=\"twitter:card\" content=\"summary_large_image\" \/>\n<meta name=\"twitter:label1\" content=\"Estimated reading time\" \/>\n\t<meta name=\"twitter:data1\" content=\"2 minutes\" \/>\n<script type=\"application\/ld+json\" class=\"yoast-schema-graph\">{\"@context\":\"https:\/\/schema.org\",\"@graph\":[{\"@type\":\"WebPage\",\"@id\":\"https:\/\/ideasmp.com\/aviso-legal\/\",\"url\":\"https:\/\/ideasmp.com\/aviso-legal\/\",\"name\":\"Aviso legal - Ideas Marketing\",\"isPartOf\":{\"@id\":\"https:\/\/ideasmp.com\/#website\"},\"datePublished\":\"2021-08-18T18:44:39+00:00\",\"dateModified\":\"2025-03-27T08:47:01+00:00\",\"breadcrumb\":{\"@id\":\"https:\/\/ideasmp.com\/aviso-legal\/#breadcrumb\"},\"inLanguage\":\"en-GB\",\"potentialAction\":[{\"@type\":\"ReadAction\",\"target\":[\"https:\/\/ideasmp.com\/aviso-legal\/\"]}]},{\"@type\":\"BreadcrumbList\",\"@id\":\"https:\/\/ideasmp.com\/aviso-legal\/#breadcrumb\",\"itemListElement\":[{\"@type\":\"ListItem\",\"position\":1,\"name\":\"Portada\",\"item\":\"https:\/\/ideasmp.com\/\"},{\"@type\":\"ListItem\",\"position\":2,\"name\":\"Aviso legal\"}]},{\"@type\":\"WebSite\",\"@id\":\"https:\/\/ideasmp.com\/#website\",\"url\":\"https:\/\/ideasmp.com\/\",\"name\":\"Ideas Marketing\",\"description\":\"Creemos en el dise\u00f1o, es nuestra se\u00f1a de identidad. Mimamos cada trabajo para convertirlo en \u00fanico.\",\"publisher\":{\"@id\":\"https:\/\/ideasmp.com\/#organization\"},\"potentialAction\":[{\"@type\":\"SearchAction\",\"target\":{\"@type\":\"EntryPoint\",\"urlTemplate\":\"https:\/\/ideasmp.com\/?s={search_term_string}\"},\"query-input\":{\"@type\":\"PropertyValueSpecification\",\"valueRequired\":true,\"valueName\":\"search_term_string\"}}],\"inLanguage\":\"en-GB\"},{\"@type\":\"Organization\",\"@id\":\"https:\/\/ideasmp.com\/#organization\",\"name\":\"Ideas de Marketing\",\"url\":\"https:\/\/ideasmp.com\/\",\"logo\":{\"@type\":\"ImageObject\",\"inLanguage\":\"en-GB\",\"@id\":\"https:\/\/ideasmp.com\/#\/schema\/logo\/image\/\",\"url\":\"https:\/\/ideasmp.com\/wp-content\/uploads\/2021\/08\/logo-ideas.png\",\"contentUrl\":\"https:\/\/ideasmp.com\/wp-content\/uploads\/2021\/08\/logo-ideas.png\",\"width\":180,\"height\":79,\"caption\":\"Ideas de Marketing\"},\"image\":{\"@id\":\"https:\/\/ideasmp.com\/#\/schema\/logo\/image\/\"}}]}<\/script>\n<!-- \/ Yoast SEO plugin. -->","yoast_head_json":{"title":"Aviso legal - Ideas Marketing","robots":{"index":"index","follow":"follow","max-snippet":"max-snippet:-1","max-image-preview":"max-image-preview:large","max-video-preview":"max-video-preview:-1"},"canonical":"https:\/\/ideasmp.com\/en\/aviso-legal\/","og_locale":"en_GB","og_type":"article","og_title":"Aviso legal - Ideas Marketing","og_url":"https:\/\/ideasmp.com\/en\/aviso-legal\/","og_site_name":"Ideas Marketing","article_modified_time":"2025-03-27T08:47:01+00:00","twitter_card":"summary_large_image","twitter_misc":{"Estimated reading time":"2 minutes"},"schema":{"@context":"https:\/\/schema.org","@graph":[{"@type":"WebPage","@id":"https:\/\/ideasmp.com\/aviso-legal\/","url":"https:\/\/ideasmp.com\/aviso-legal\/","name":"Aviso legal - Ideas Marketing","isPartOf":{"@id":"https:\/\/ideasmp.com\/#website"},"datePublished":"2021-08-18T18:44:39+00:00","dateModified":"2025-03-27T08:47:01+00:00","breadcrumb":{"@id":"https:\/\/ideasmp.com\/aviso-legal\/#breadcrumb"},"inLanguage":"en-GB","potentialAction":[{"@type":"ReadAction","target":["https:\/\/ideasmp.com\/aviso-legal\/"]}]},{"@type":"BreadcrumbList","@id":"https:\/\/ideasmp.com\/aviso-legal\/#breadcrumb","itemListElement":[{"@type":"ListItem","position":1,"name":"Portada","item":"https:\/\/ideasmp.com\/"},{"@type":"ListItem","position":2,"name":"Aviso legal"}]},{"@type":"WebSite","@id":"https:\/\/ideasmp.com\/#website","url":"https:\/\/ideasmp.com\/","name":"Ideas Marketing","description":"Creemos en el dise\u00f1o, es nuestra se\u00f1a de identidad. Mimamos cada trabajo para convertirlo en \u00fanico.","publisher":{"@id":"https:\/\/ideasmp.com\/#organization"},"potentialAction":[{"@type":"SearchAction","target":{"@type":"EntryPoint","urlTemplate":"https:\/\/ideasmp.com\/?s={search_term_string}"},"query-input":{"@type":"PropertyValueSpecification","valueRequired":true,"valueName":"search_term_string"}}],"inLanguage":"en-GB"},{"@type":"Organization","@id":"https:\/\/ideasmp.com\/#organization","name":"Ideas de Marketing","url":"https:\/\/ideasmp.com\/","logo":{"@type":"ImageObject","inLanguage":"en-GB","@id":"https:\/\/ideasmp.com\/#\/schema\/logo\/image\/","url":"https:\/\/ideasmp.com\/wp-content\/uploads\/2021\/08\/logo-ideas.png","contentUrl":"https:\/\/ideasmp.com\/wp-content\/uploads\/2021\/08\/logo-ideas.png","width":180,"height":79,"caption":"Ideas de Marketing"},"image":{"@id":"https:\/\/ideasmp.com\/#\/schema\/logo\/image\/"}}]}},"_links":{"self":[{"href":"https:\/\/ideasmp.com\/en\/wp-json\/wp\/v2\/pages\/668","targetHints":{"allow":["GET"]}}],"collection":[{"href":"https:\/\/ideasmp.com\/en\/wp-json\/wp\/v2\/pages"}],"about":[{"href":"https:\/\/ideasmp.com\/en\/wp-json\/wp\/v2\/types\/page"}],"author":[{"embeddable":true,"href":"https:\/\/ideasmp.com\/en\/wp-json\/wp\/v2\/users\/1"}],"replies":[{"embeddable":true,"href":"https:\/\/ideasmp.com\/en\/wp-json\/wp\/v2\/comments?post=668"}],"version-history":[{"count":0,"href":"https:\/\/ideasmp.com\/en\/wp-json\/wp\/v2\/pages\/668\/revisions"}],"wp:attachment":[{"href":"https:\/\/ideasmp.com\/en\/wp-json\/wp\/v2\/media?parent=668"}],"curies":[{"name":"wp","href":"https:\/\/api.w.org\/{rel}","templated":true}]}}