{"id":73,"date":"2015-01-16T23:49:54","date_gmt":"2015-01-16T23:49:54","guid":{"rendered":"http:\/\/totaltheme.wpengine.com\/portfolio\/?page_id=73"},"modified":"2021-10-04T10:36:48","modified_gmt":"2021-10-04T10:36:48","slug":"agencia-publicidad","status":"publish","type":"page","link":"https:\/\/ideasmp.com\/en\/agencia-publicidad\/","title":{"rendered":"Agency"},"content":{"rendered":"<div class=\"wpb-content-wrapper\"><div class=\"vc_row wpb_row vc_row-fluid wpex-vc-full-width-row wpex-vc-full-width-row--no-padding wpex-relative no-bottom-margins\"><div class=\"wpb_column vc_column_container vc_col-sm-12\"><div class=\"vc_column-inner\"><div class=\"wpb_wrapper\"><div class=\"wpb_revslider_element wpb_content_element\">\n\t\t\t<!-- START TIMELINE REVOLUTION SLIDER 6.7.30 --><p class=\"rs-p-wp-fix\"><\/p>\n\t\t\t<rs-module-wrap id=\"rev_slider_5_1_wrapper\" data-source=\"gallery\" style=\"visibility:hidden;background:transparent;padding:0;margin:0px auto;margin-top:0;margin-bottom:0;\">\n\t\t\t\t<rs-module id=\"rev_slider_5_1\" style=\"\" data-version=\"6.7.30\">\n\t\t\t\t\t<rs-slides style=\"overflow: hidden; position: absolute;\">\n\t\t\t\t\t\t<rs-slide style=\"position: absolute;\" data-key=\"rs-6\" data-title=\"Slide\" data-anim=\"adpr:false;\" data-in=\"o:0;\" data-out=\"a:false;\">\n\t\t\t\t\t\t\t<img src=\"\/\/ideasmp.com\/wp-content\/plugins\/revslider\/sr6\/assets\/assets\/dummy.png\" alt=\"Slide\" title=\"Agencia\" class=\"rev-slidebg tp-rs-img rs-lazyload\" data-lazyload=\"\/\/ideasmp.com\/wp-content\/plugins\/revslider\/sr6\/assets\/assets\/transparent.png\" data-no-retina>\n<!--\n\t\t\t\t\t\t\t--><rs-layer\n\t\t\t\t\t\t\t\tid=\"slider-5-slide-6-layer-0\" \n\t\t\t\t\t\t\t\tclass=\"rs-fsv rs-nolc rs-layer-video intrinsic-ignore\"\n\t\t\t\t\t\t\t\tdata-type=\"video\"\n\t\t\t\t\t\t\t\tdata-rsp_ch=\"on\"\n\t\t\t\t\t\t\t\tdata-xy=\"x:0;y:0;\"\n\t\t\t\t\t\t\t\tdata-text=\"w:normal;\"\n\t\t\t\t\t\t\t\tdata-dim=\"w:100%;h:100%;\"\n\t\t\t\t\t\t\t\tdata-basealign=\"slide\"\n\t\t\t\t\t\t\t\tdata-video=\"vfc:true;twa:false;vd:100;scop:t;fc:true;l:true;ptimer:false;nse:f;\"\n\t\t\t\t\t\t\t\tdata-poster=\"\/\/ideasmp.com\/wp-content\/uploads\/revslider\/video-media\/timeline_210910_6_layer.jpeg\"\n\t\t\t\t\t\t\t\tdata-mp4=\"\/\/ideasmp.com\/video\/timeline_210910.mp4\"\n\t\t\t\t\t\t\t\tdata-frame_999=\"o:0;st:w;\"\n\t\t\t\t\t\t\t\tstyle=\"z-index:5;\"\n\t\t\t\t\t\t\t>\n\t\t\t\t\t\t\t<\/rs-layer><!--\n-->\t\t\t\t\t<\/rs-slide>\n\t\t\t\t\t<\/rs-slides>\n\t\t\t\t<\/rs-module>\n\t\t\t\t<script>\n\t\t\t\t\tsetREVStartSize({c: 'rev_slider_5_1',rl:[1240,1240,1240,480],el:[600,600,600,460],gw:[1920,1920,1920,720],gh:[600,600,600,460],type:'standard',justify:'',layout:'fullwidth',mh:\"0\"});if (window.RS_MODULES!==undefined && window.RS_MODULES.modules!==undefined && window.RS_MODULES.modules[\"revslider51\"]!==undefined) {window.RS_MODULES.modules[\"revslider51\"].once = false;window.revapi5 = undefined;if (window.RS_MODULES.checkMinimal!==undefined) window.RS_MODULES.checkMinimal()}\n\t\t\t\t<\/script>\n\t\t\t<\/rs-module-wrap>\n\t\t\t<!-- END REVOLUTION SLIDER -->\n<\/div><\/div><\/div><\/div><\/div><div class=\"vc_row wpb_row vc_row-fluid vc_custom_1629308554754 vc_row-o-content-middle vc_row-flex wpex-relative\"><div class=\"wpb_column vc_column_container vc_col-sm-4\"><div class=\"vc_column-inner\"><div class=\"wpb_wrapper\">\n\t<div  class=\"wpb_single_image wpb_content_element vc_align_left wpb_content_element\">\n\t\t\n\t\t<figure class=\"wpb_wrapper vc_figure\">\n\t\t\t<div class=\"vc_single_image-wrapper   vc_box_border_grey\"><img width=\"225\" height=\"300\" src=\"https:\/\/ideasmp.com\/wp-content\/uploads\/2021\/08\/ideaslogia_contilde-12-225x300.png\" class=\"vc_single_image-img attachment-medium\" alt=\"ideaslogia_contilde-12\" title=\"ideaslogia_contilde-12\" srcset=\"https:\/\/ideasmp.com\/wp-content\/uploads\/2021\/08\/ideaslogia_contilde-12-225x300.png 225w, https:\/\/ideasmp.com\/wp-content\/uploads\/2021\/08\/ideaslogia_contilde-12.png 301w\" sizes=\"(max-width: 225px) 100vw, 225px\" \/><\/div>\n\t\t<\/figure>\n\t<\/div>\n<\/div><\/div><\/div><div class=\"wpb_column vc_column_container vc_col-sm-8\"><div class=\"vc_column-inner\"><div class=\"wpb_wrapper\"><style>.vcex_69e388a4cb891{font-size:22px!important;}@media (max-width:479px){.vcex_69e388a4cb891{font-size:16px!important;}}<\/style>\n\t<div style=\"font-family:Montserrat;font-weight:500;\" class=\"wpb_text_column vcex_69e388a4cb891 wpb_content_element\" >\n\t\t<div class=\"wpb_wrapper\">\n\t\t\t<p>As\u00ed llamamos a nuestra manera de pensar y de trabajar.<br \/>\nUna mezcla de profesionalidad, ilusi\u00f3n y talento unida a la experiencia de m\u00e1s de 30 a\u00f1os en el sector.<\/p>\n<p>Poniendo el foco en las necesidades de nuestros clientes, mimando las marcas y buscando la m\u00e1xima rentabilidad.<\/p>\n<p>Te ayudamos a cumplir tus objetivos.<\/p>\n\n\t\t<\/div>\n\t<\/div>\n<\/div><\/div><\/div><\/div><div class=\"vc_row wpb_row vc_row-fluid vc_custom_1629308842498 vc_row-o-equal-height vc_row-flex wpex-vc-full-width-row wpex-vc-full-width-row--centered wpex-relative wpex-vc_row-has-fill wpex-vc-reset-negative-margin\"><div class=\"wpb_column vc_column_container vc_col-sm-4\"><div class=\"vc_column-inner\"><div class=\"wpb_wrapper\">\n\t<div  class=\"wpb_single_image wpb_content_element vc_align_center wpb_content_element\">\n\t\t\n\t\t<figure class=\"wpb_wrapper vc_figure\">\n\t\t\t<div class=\"vc_single_image-wrapper   vc_box_border_grey\"><img width=\"200\" height=\"300\" src=\"https:\/\/ideasmp.com\/wp-content\/uploads\/2021\/08\/preguntamos.png\" class=\"vc_single_image-img attachment-medium\" alt=\"preguntamos\" title=\"preguntamos\" \/><\/div>\n\t\t<\/figure>\n\t<\/div>\n<div class=\"vc_empty_space\"   style=\"height: 26px\"><span class=\"vc_empty_space_inner\"><\/span><\/div>\n\t<div style=\"color:#ffffff;text-align:center;\" class=\"wpb_text_column has-custom-color wpex-child-inherit-color wpb_content_element\" >\n\t\t<div class=\"wpb_wrapper\">\n\t\t\t<p>Somos muy curiosos, nos encanta aprender lo que no conocemos. Por eso somos \u201cPreguntones\u201d para conocer a fondo a nuestros clientes, sus marcas y sus necesidades.<br \/>\n\u00bfA qu\u00e9 te dedicas?<\/p>\n\n\t\t<\/div>\n\t<\/div>\n<div class=\"vc_empty_space\"   style=\"height: 20px\"><span class=\"vc_empty_space_inner\"><\/span><\/div><\/div><\/div><\/div><div class=\"wpb_column vc_column_container vc_col-sm-4\"><div class=\"vc_column-inner\"><div class=\"wpb_wrapper\">\n\t<div  class=\"wpb_single_image wpb_content_element vc_align_center wpb_content_element\">\n\t\t\n\t\t<figure class=\"wpb_wrapper vc_figure\">\n\t\t\t<div class=\"vc_single_image-wrapper   vc_box_border_grey\"><img width=\"200\" height=\"300\" src=\"https:\/\/ideasmp.com\/wp-content\/uploads\/2021\/10\/pensamos_ideas.png\" class=\"vc_single_image-img attachment-medium\" alt=\"pensamos_ideas\" title=\"pensamos_ideas\" \/><\/div>\n\t\t<\/figure>\n\t<\/div>\n<div class=\"vc_empty_space\"   style=\"height: 26px\"><span class=\"vc_empty_space_inner\"><\/span><\/div>\n\t<div style=\"color:#ffffff;text-align:center;\" class=\"wpb_text_column has-custom-color wpex-child-inherit-color wpb_content_element\" >\n\t\t<div class=\"wpb_wrapper\">\n\t\t\t<p>Creamos IDEAS, grandes, locas, divertidas, rompedoras&#8230; pero tambi\u00e9n sencillas, serias o directas.<br \/>\n\u00bfQu\u00e9 necesitas?<\/p>\n\n\t\t<\/div>\n\t<\/div>\n<div class=\"vc_empty_space\"   style=\"height: 20px\"><span class=\"vc_empty_space_inner\"><\/span><\/div><\/div><\/div><\/div><div class=\"wpb_column vc_column_container vc_col-sm-4\"><div class=\"vc_column-inner\"><div class=\"wpb_wrapper\">\n\t<div  class=\"wpb_single_image wpb_content_element vc_align_center wpb_content_element\">\n\t\t\n\t\t<figure class=\"wpb_wrapper vc_figure\">\n\t\t\t<div class=\"vc_single_image-wrapper   vc_box_border_grey\"><img width=\"200\" height=\"300\" src=\"https:\/\/ideasmp.com\/wp-content\/uploads\/2021\/10\/actuamos-ideas.png\" class=\"vc_single_image-img attachment-medium\" alt=\"actuamos-ideas\" title=\"actuamos-ideas\" \/><\/div>\n\t\t<\/figure>\n\t<\/div>\n<div class=\"vc_empty_space\"   style=\"height: 26px\"><span class=\"vc_empty_space_inner\"><\/span><\/div>\n\t<div style=\"color:#ffffff;text-align:center;\" class=\"wpb_text_column has-custom-color wpex-child-inherit-color wpb_content_element\" >\n\t\t<div class=\"wpb_wrapper\">\n\t\t\t<p>Dise\u00f1amos, programamos, producimos, controlamos, gestionamos&#8230;<\/p>\n<p>Nos ponemos en marcha y no paramos hasta hacer felices a nuestro clientes.<\/p>\n\n\t\t<\/div>\n\t<\/div>\n<div class=\"vc_empty_space\"   style=\"height: 20px\"><span class=\"vc_empty_space_inner\"><\/span><\/div><\/div><\/div><\/div><\/div><div class=\"vc_row wpb_row vc_row-fluid vc_custom_1628165002176 wpex-relative\"><div class=\"wpb_column vc_column_container vc_col-sm-4\"><div class=\"vc_column-inner\"><div class=\"wpb_wrapper\">\n\t<div  class=\"wpb_single_image wpb_content_element vc_align_left wpb_content_element\">\n\t\t\n\t\t<figure class=\"wpb_wrapper vc_figure\">\n\t\t\t<div class=\"vc_single_image-wrapper   vc_box_border_grey\"><img width=\"225\" height=\"300\" src=\"https:\/\/ideasmp.com\/wp-content\/uploads\/2021\/08\/premios_izq-12-225x300.png\" class=\"vc_single_image-img attachment-medium\" alt=\"premios_izq-12\" title=\"premios_izq-12\" srcset=\"https:\/\/ideasmp.com\/wp-content\/uploads\/2021\/08\/premios_izq-12-225x300.png 225w, https:\/\/ideasmp.com\/wp-content\/uploads\/2021\/08\/premios_izq-12.png 301w\" sizes=\"(max-width: 225px) 100vw, 225px\" \/><\/div>\n\t\t<\/figure>\n\t<\/div>\n<\/div><\/div><\/div><div class=\"wpb_column vc_column_container vc_col-sm-4\"><div class=\"vc_column-inner\"><div class=\"wpb_wrapper\">\n\t<div  class=\"wpb_single_image wpb_content_element vc_align_center wpb_content_element\">\n\t\t\n\t\t<figure class=\"wpb_wrapper vc_figure\">\n\t\t\t<div class=\"vc_single_image-wrapper   vc_box_border_grey\"><img width=\"697\" height=\"427\" src=\"https:\/\/ideasmp.com\/wp-content\/uploads\/2021\/08\/ampe.jpg\" class=\"vc_single_image-img attachment-full\" alt=\"ampe\" title=\"ampe\" srcset=\"https:\/\/ideasmp.com\/wp-content\/uploads\/2021\/08\/ampe.jpg 697w, https:\/\/ideasmp.com\/wp-content\/uploads\/2021\/08\/ampe-300x184.jpg 300w\" sizes=\"(max-width: 697px) 100vw, 697px\" \/><\/div>\n\t\t<\/figure>\n\t<\/div>\n<style>.vcex_69e388a4cd10e{font-size:20px!important;}@media (max-width:479px){.vcex_69e388a4cd10e{font-size:16px!important;}}<\/style>\n\t<div style=\"font-family:Montserrat;font-weight:600;\" class=\"wpb_text_column vcex_69e388a4cd10e wpb_content_element\" >\n\t\t<div class=\"wpb_wrapper\">\n\t\t\t<p>Premio aMpe de Plata 2009 en la categor\u00eda de Publicidad Exterior por la campa\u00f1a de<br \/>\nMahou para las Fallas de 2008.<\/p>\n\n\t\t<\/div>\n\t<\/div>\n<\/div><\/div><\/div><div class=\"wpb_column vc_column_container vc_col-sm-4\"><div class=\"vc_column-inner\"><div class=\"wpb_wrapper\">\n\t<div  class=\"wpb_single_image wpb_content_element vc_align_center wpb_content_element\">\n\t\t\n\t\t<figure class=\"wpb_wrapper vc_figure\">\n\t\t\t<div class=\"vc_single_image-wrapper   vc_box_border_grey\"><img width=\"712\" height=\"900\" src=\"https:\/\/ideasmp.com\/wp-content\/uploads\/2021\/08\/premio-ampe-2009-ideas-de-marketing.jpg\" class=\"vc_single_image-img attachment-full\" alt=\"premio-ampe-2009-ideas-de-marketing\" title=\"premio-ampe-2009-ideas-de-marketing\" srcset=\"https:\/\/ideasmp.com\/wp-content\/uploads\/2021\/08\/premio-ampe-2009-ideas-de-marketing.jpg 712w, https:\/\/ideasmp.com\/wp-content\/uploads\/2021\/08\/premio-ampe-2009-ideas-de-marketing-237x300.jpg 237w\" sizes=\"(max-width: 712px) 100vw, 712px\" \/><\/div>\n\t\t<\/figure>\n\t<\/div>\n<\/div><\/div><\/div><\/div>\n<\/div>","protected":false},"excerpt":{"rendered":"As\u00ed llamamos a nuestra manera de pensar y de trabajar. Una mezcla de profesionalidad, ilusi\u00f3n y talento unida a la experiencia de m\u00e1s de 30 a\u00f1os en el sector. Poniendo el foco en las necesidades de nuestros clientes, mimando las marcas y buscando la m\u00e1xima rentabilidad. Te ayudamos a cumplir tus objetivos. Somos muy curiosos,&hellip;","protected":false},"author":1,"featured_media":0,"parent":0,"menu_order":2,"comment_status":"closed","ping_status":"closed","template":"","meta":{"footnotes":""},"class_list":["post-73","page","type-page","status-publish","hentry","entry","no-media"],"yoast_head":"<!-- This site is optimized with the Yoast SEO plugin v25.3 - https:\/\/yoast.com\/wordpress\/plugins\/seo\/ -->\n<title>Agencia Publicidad - Ideas Marketing<\/title>\n<meta name=\"description\" content=\"Creamos IDEAS, grandes, locas, divertidas, rompedoras\u2026 pero tambi\u00e9n sencillas, serias o directas. \u00bfQu\u00e9 necesitas?\" \/>\n<meta name=\"robots\" content=\"index, follow, max-snippet:-1, max-image-preview:large, max-video-preview:-1\" \/>\n<link rel=\"canonical\" href=\"https:\/\/ideasmp.com\/en\/agencia-publicidad\/\" \/>\n<meta property=\"og:locale\" content=\"en_GB\" \/>\n<meta property=\"og:type\" content=\"article\" \/>\n<meta property=\"og:title\" content=\"Agencia Publicidad - Ideas Marketing\" \/>\n<meta property=\"og:description\" content=\"Creamos IDEAS, grandes, locas, divertidas, rompedoras\u2026 pero tambi\u00e9n sencillas, serias o directas. \u00bfQu\u00e9 necesitas?\" \/>\n<meta property=\"og:url\" content=\"https:\/\/ideasmp.com\/en\/agencia-publicidad\/\" \/>\n<meta property=\"og:site_name\" content=\"Ideas Marketing\" \/>\n<meta property=\"article:modified_time\" content=\"2021-10-04T10:36:48+00:00\" \/>\n<meta name=\"twitter:card\" content=\"summary_large_image\" \/>\n<meta name=\"twitter:label1\" content=\"Estimated reading time\" \/>\n\t<meta name=\"twitter:data1\" content=\"1 minute\" \/>\n<script type=\"application\/ld+json\" class=\"yoast-schema-graph\">{\"@context\":\"https:\/\/schema.org\",\"@graph\":[{\"@type\":\"WebPage\",\"@id\":\"https:\/\/ideasmp.com\/agencia-publicidad\/\",\"url\":\"https:\/\/ideasmp.com\/agencia-publicidad\/\",\"name\":\"Agencia Publicidad - Ideas Marketing\",\"isPartOf\":{\"@id\":\"https:\/\/ideasmp.com\/#website\"},\"datePublished\":\"2015-01-16T23:49:54+00:00\",\"dateModified\":\"2021-10-04T10:36:48+00:00\",\"description\":\"Creamos IDEAS, grandes, locas, divertidas, rompedoras\u2026 pero tambi\u00e9n sencillas, serias o directas. \u00bfQu\u00e9 necesitas?\",\"breadcrumb\":{\"@id\":\"https:\/\/ideasmp.com\/agencia-publicidad\/#breadcrumb\"},\"inLanguage\":\"en-GB\",\"potentialAction\":[{\"@type\":\"ReadAction\",\"target\":[\"https:\/\/ideasmp.com\/agencia-publicidad\/\"]}]},{\"@type\":\"BreadcrumbList\",\"@id\":\"https:\/\/ideasmp.com\/agencia-publicidad\/#breadcrumb\",\"itemListElement\":[{\"@type\":\"ListItem\",\"position\":1,\"name\":\"Portada\",\"item\":\"https:\/\/ideasmp.com\/\"},{\"@type\":\"ListItem\",\"position\":2,\"name\":\"Agencia\"}]},{\"@type\":\"WebSite\",\"@id\":\"https:\/\/ideasmp.com\/#website\",\"url\":\"https:\/\/ideasmp.com\/\",\"name\":\"Ideas Marketing\",\"description\":\"Creemos en el dise\u00f1o, es nuestra se\u00f1a de identidad. Mimamos cada trabajo para convertirlo en \u00fanico.\",\"publisher\":{\"@id\":\"https:\/\/ideasmp.com\/#organization\"},\"potentialAction\":[{\"@type\":\"SearchAction\",\"target\":{\"@type\":\"EntryPoint\",\"urlTemplate\":\"https:\/\/ideasmp.com\/?s={search_term_string}\"},\"query-input\":{\"@type\":\"PropertyValueSpecification\",\"valueRequired\":true,\"valueName\":\"search_term_string\"}}],\"inLanguage\":\"en-GB\"},{\"@type\":\"Organization\",\"@id\":\"https:\/\/ideasmp.com\/#organization\",\"name\":\"Ideas de Marketing\",\"url\":\"https:\/\/ideasmp.com\/\",\"logo\":{\"@type\":\"ImageObject\",\"inLanguage\":\"en-GB\",\"@id\":\"https:\/\/ideasmp.com\/#\/schema\/logo\/image\/\",\"url\":\"https:\/\/ideasmp.com\/wp-content\/uploads\/2021\/08\/logo-ideas.png\",\"contentUrl\":\"https:\/\/ideasmp.com\/wp-content\/uploads\/2021\/08\/logo-ideas.png\",\"width\":180,\"height\":79,\"caption\":\"Ideas de Marketing\"},\"image\":{\"@id\":\"https:\/\/ideasmp.com\/#\/schema\/logo\/image\/\"}}]}<\/script>\n<!-- \/ Yoast SEO plugin. -->","yoast_head_json":{"title":"Agencia Publicidad - Ideas Marketing","description":"Creamos IDEAS, grandes, locas, divertidas, rompedoras\u2026 pero tambi\u00e9n sencillas, serias o directas. \u00bfQu\u00e9 necesitas?","robots":{"index":"index","follow":"follow","max-snippet":"max-snippet:-1","max-image-preview":"max-image-preview:large","max-video-preview":"max-video-preview:-1"},"canonical":"https:\/\/ideasmp.com\/en\/agencia-publicidad\/","og_locale":"en_GB","og_type":"article","og_title":"Agencia Publicidad - Ideas Marketing","og_description":"Creamos IDEAS, grandes, locas, divertidas, rompedoras\u2026 pero tambi\u00e9n sencillas, serias o directas. \u00bfQu\u00e9 necesitas?","og_url":"https:\/\/ideasmp.com\/en\/agencia-publicidad\/","og_site_name":"Ideas Marketing","article_modified_time":"2021-10-04T10:36:48+00:00","twitter_card":"summary_large_image","twitter_misc":{"Estimated reading time":"1 minute"},"schema":{"@context":"https:\/\/schema.org","@graph":[{"@type":"WebPage","@id":"https:\/\/ideasmp.com\/agencia-publicidad\/","url":"https:\/\/ideasmp.com\/agencia-publicidad\/","name":"Agencia Publicidad - Ideas Marketing","isPartOf":{"@id":"https:\/\/ideasmp.com\/#website"},"datePublished":"2015-01-16T23:49:54+00:00","dateModified":"2021-10-04T10:36:48+00:00","description":"Creamos IDEAS, grandes, locas, divertidas, rompedoras\u2026 pero tambi\u00e9n sencillas, serias o directas. \u00bfQu\u00e9 necesitas?","breadcrumb":{"@id":"https:\/\/ideasmp.com\/agencia-publicidad\/#breadcrumb"},"inLanguage":"en-GB","potentialAction":[{"@type":"ReadAction","target":["https:\/\/ideasmp.com\/agencia-publicidad\/"]}]},{"@type":"BreadcrumbList","@id":"https:\/\/ideasmp.com\/agencia-publicidad\/#breadcrumb","itemListElement":[{"@type":"ListItem","position":1,"name":"Portada","item":"https:\/\/ideasmp.com\/"},{"@type":"ListItem","position":2,"name":"Agencia"}]},{"@type":"WebSite","@id":"https:\/\/ideasmp.com\/#website","url":"https:\/\/ideasmp.com\/","name":"Ideas Marketing","description":"Creemos en el dise\u00f1o, es nuestra se\u00f1a de identidad. Mimamos cada trabajo para convertirlo en \u00fanico.","publisher":{"@id":"https:\/\/ideasmp.com\/#organization"},"potentialAction":[{"@type":"SearchAction","target":{"@type":"EntryPoint","urlTemplate":"https:\/\/ideasmp.com\/?s={search_term_string}"},"query-input":{"@type":"PropertyValueSpecification","valueRequired":true,"valueName":"search_term_string"}}],"inLanguage":"en-GB"},{"@type":"Organization","@id":"https:\/\/ideasmp.com\/#organization","name":"Ideas de Marketing","url":"https:\/\/ideasmp.com\/","logo":{"@type":"ImageObject","inLanguage":"en-GB","@id":"https:\/\/ideasmp.com\/#\/schema\/logo\/image\/","url":"https:\/\/ideasmp.com\/wp-content\/uploads\/2021\/08\/logo-ideas.png","contentUrl":"https:\/\/ideasmp.com\/wp-content\/uploads\/2021\/08\/logo-ideas.png","width":180,"height":79,"caption":"Ideas de Marketing"},"image":{"@id":"https:\/\/ideasmp.com\/#\/schema\/logo\/image\/"}}]}},"_links":{"self":[{"href":"https:\/\/ideasmp.com\/en\/wp-json\/wp\/v2\/pages\/73","targetHints":{"allow":["GET"]}}],"collection":[{"href":"https:\/\/ideasmp.com\/en\/wp-json\/wp\/v2\/pages"}],"about":[{"href":"https:\/\/ideasmp.com\/en\/wp-json\/wp\/v2\/types\/page"}],"author":[{"embeddable":true,"href":"https:\/\/ideasmp.com\/en\/wp-json\/wp\/v2\/users\/1"}],"replies":[{"embeddable":true,"href":"https:\/\/ideasmp.com\/en\/wp-json\/wp\/v2\/comments?post=73"}],"version-history":[{"count":0,"href":"https:\/\/ideasmp.com\/en\/wp-json\/wp\/v2\/pages\/73\/revisions"}],"wp:attachment":[{"href":"https:\/\/ideasmp.com\/en\/wp-json\/wp\/v2\/media?parent=73"}],"curies":[{"name":"wp","href":"https:\/\/api.w.org\/{rel}","templated":true}]}}